{"id":2,"date":"2022-10-10T08:38:52","date_gmt":"2022-10-10T08:38:52","guid":{"rendered":"http:\/\/bgld.oepu.at\/?page_id=2"},"modified":"2022-10-10T13:30:52","modified_gmt":"2022-10-10T12:30:52","slug":"sample-page","status":"publish","type":"page","link":"https:\/\/bgld.oepu.at\/index.php\/sample-page\/","title":{"rendered":"\u00d6PU-Burgenland"},"content":{"rendered":"\n<p>Die \u00d6PU-Burgenland wird vor allem von den Funktionstr\u00e4gern des&nbsp;<strong><a href=\"http:\/\/bgld.oepu.at\/index.php\/oepubgld\/fachausschuss\">Fachausschusses<\/a>&nbsp;<\/strong>und der&nbsp;<strong><a href=\"http:\/\/bgld.oepu.at\/index.php\/ahsgewerkschaft\">Landesleitung der AHS-Gewerkschaft<\/a><\/strong>&nbsp;repr\u00e4sentiert.<br><\/p>\n\n\n\n<p>&nbsp;In enger Kooperation sind alle der \u00d6PU Verpflichteten bem\u00fcht, f\u00fcr die Kolleginnen und Kollegen an den burgenl\u00e4ndischen AHS das Bestm\u00f6gliche zu erreichen.<\/p>\n\n\n\n<p>Sie werden dabei von Vertrauenslehrer\/-innen an den einzelnen Schulen unterst\u00fctzt.<\/p>\n\n\n\n<h3 class=\"wp-block-heading\"><\/h3>\n\n\n\n<p>Weitere Infos zur \u00d6PU auf\u00a0<strong><a rel=\"noreferrer noopener\" href=\"https:\/\/www.oepu.at\/index.php\/wir-ueber-uns\/die-oepu-stellt-sich-vor\" target=\"_blank\">www.oepu.at<\/a><\/strong><\/p>\n","protected":false},"excerpt":{"rendered":"<p>Die \u00d6PU-Burgenland wird vor allem von den Funktionstr\u00e4gern des&nbsp;Fachausschusses&nbsp;und der&nbsp;Landesleitung der AHS-Gewerkschaft&nbsp;repr\u00e4sentiert. &nbsp;In enger Kooperation sind alle der \u00d6PU Verpflichteten<\/p>\n","protected":false},"author":1,"featured_media":0,"parent":0,"menu_order":0,"comment_status":"closed","ping_status":"open","template":"","meta":{"footnotes":""},"class_list":["post-2","page","type-page","status-publish","hentry"],"_links":{"self":[{"href":"https:\/\/bgld.oepu.at\/index.php\/wp-json\/wp\/v2\/pages\/2","targetHints":{"allow":["GET"]}}],"collection":[{"href":"https:\/\/bgld.oepu.at\/index.php\/wp-json\/wp\/v2\/pages"}],"about":[{"href":"https:\/\/bgld.oepu.at\/index.php\/wp-json\/wp\/v2\/types\/page"}],"author":[{"embeddable":true,"href":"https:\/\/bgld.oepu.at\/index.php\/wp-json\/wp\/v2\/users\/1"}],"replies":[{"embeddable":true,"href":"https:\/\/bgld.oepu.at\/index.php\/wp-json\/wp\/v2\/comments?post=2"}],"version-history":[{"count":2,"href":"https:\/\/bgld.oepu.at\/index.php\/wp-json\/wp\/v2\/pages\/2\/revisions"}],"predecessor-version":[{"id":37,"href":"https:\/\/bgld.oepu.at\/index.php\/wp-json\/wp\/v2\/pages\/2\/revisions\/37"}],"wp:attachment":[{"href":"https:\/\/bgld.oepu.at\/index.php\/wp-json\/wp\/v2\/media?parent=2"}],"curies":[{"name":"wp","href":"https:\/\/api.w.org\/{rel}","templated":true}]}}